{"id":193,"date":"2017-05-29T16:20:08","date_gmt":"2017-05-29T14:20:08","guid":{"rendered":"http:\/\/new.dissorted.de\/?page_id=193"},"modified":"2017-05-29T17:28:34","modified_gmt":"2017-05-29T15:28:34","slug":"reviews-2","status":"publish","type":"page","link":"https:\/\/dissorted.de\/?page_id=193&lang=de","title":{"rendered":"Reviews"},"content":{"rendered":"<p>&#8222;Die Songs haben allesamt Stampfercharakter \u2026 und basieren auf soliden Riffs, die von den beiden Gitarristen hervorragend dargebracht werden \u2026 Die beiden Klampfer harmonieren sehr gut und m\u00fcssen sich wirklich nicht verstecken. Technisch kann sich ihre Arbeit durchaus sehen lassen und muss auch den Vergleich mit Szenegr\u00f6\u00dfen nicht scheuen \u2026 \u00c4hnliches kann man auch \u00fcber S\u00e4nger Mirco sagen \u2026 Dissorted setzen auf angerauten Klargesang, der immer ein bisschen zwischen richtig sauber und verraucht-angezerrt klingt \u2026 Das ist bei dem Fronter auch kein Problem. Mirco kann singen und trifft die T\u00f6ne sauber \u2026 Da kann man es sich dann auch leisten, dass man nicht nur schreit\u2026&#8220; &#8211; \u00a0<a href=\"http:\/\/www.the-pit.de\/review\/dissorted-i\/\">The Pit 10\/2014<\/a><\/p>\n<p>&#8222;Der best\u00e4rkend kernige Deb\u00fct-Dreher kanoniert seinen Inhalt brachial b\u00f6llernd ins Ziel. Auch mit impulsiven Breaks wird nicht dabei gegeizt. Gut so! Und auch hierin verw\u00f6hnt mich ein feinsinniges und \u00fcberlegt handelndes H\u00e4ndchen f\u00fcr griffig geile Tonfolgen, umgesetzt mit ansteckend agiler Griffbrettkunst [&#8230;]\u00a0Die mithin elektrifizierende Manier, mit welcher meine Sinne dabei regelrecht unter Starkstrom gesetzt werden, muss unbedingt entsprechend hoch gew\u00fcrdigt werden. Still sitzen zu bleiben ist dabei v\u00f6llig unm\u00f6glich. Gerade stehen ebenso. Auch die F\u00e4uste gehen wie von selbst nach oben. Zuerst im Geiste und nach dem Rezensieren in realer Manier!&#8220; &#8211; <a href=\"http:\/\/www.metalmessage.de\/Review_DISSORTED_I.php\">Metalmessage 09\/2014<\/a><\/p>\n","protected":false},"excerpt":{"rendered":"<p>&#8222;Die Songs haben allesamt Stampfercharakter \u2026 und basieren auf soliden Riffs, die von den beiden Gitarristen hervorragend dargebracht werden \u2026 Die beiden Klampfer harmonieren sehr gut und m\u00fcssen sich wirklich nicht verstecken. Technisch kann sich ihre Arbeit durchaus sehen lassen und muss auch den Vergleich mit Szenegr\u00f6\u00dfen nicht scheuen \u2026 \u00c4hnliches kann man auch \u00fcber [&hellip;]<\/p>\n","protected":false},"author":1,"featured_media":213,"parent":0,"menu_order":0,"comment_status":"closed","ping_status":"closed","template":"","meta":{"footnotes":""},"class_list":["post-193","page","type-page","status-publish","has-post-thumbnail","hentry"],"_links":{"self":[{"href":"https:\/\/dissorted.de\/index.php?rest_route=\/wp\/v2\/pages\/193","targetHints":{"allow":["GET"]}}],"collection":[{"href":"https:\/\/dissorted.de\/index.php?rest_route=\/wp\/v2\/pages"}],"about":[{"href":"https:\/\/dissorted.de\/index.php?rest_route=\/wp\/v2\/types\/page"}],"author":[{"embeddable":true,"href":"https:\/\/dissorted.de\/index.php?rest_route=\/wp\/v2\/users\/1"}],"replies":[{"embeddable":true,"href":"https:\/\/dissorted.de\/index.php?rest_route=%2Fwp%2Fv2%2Fcomments&post=193"}],"version-history":[{"count":7,"href":"https:\/\/dissorted.de\/index.php?rest_route=\/wp\/v2\/pages\/193\/revisions"}],"predecessor-version":[{"id":231,"href":"https:\/\/dissorted.de\/index.php?rest_route=\/wp\/v2\/pages\/193\/revisions\/231"}],"wp:featuredmedia":[{"embeddable":true,"href":"https:\/\/dissorted.de\/index.php?rest_route=\/wp\/v2\/media\/213"}],"wp:attachment":[{"href":"https:\/\/dissorted.de\/index.php?rest_route=%2Fwp%2Fv2%2Fmedia&parent=193"}],"curies":[{"name":"wp","href":"https:\/\/api.w.org\/{rel}","templated":true}]}}